{"id":406,"date":"2016-03-12T10:02:24","date_gmt":"2016-03-12T09:02:24","guid":{"rendered":"http:\/\/www.wepridefestival.com\/es\/hotel\/"},"modified":"2016-04-20T18:05:58","modified_gmt":"2016-04-20T16:05:58","slug":"hotel","status":"publish","type":"page","link":"http:\/\/www.wepridefestival.com\/es\/hotel\/","title":{"rendered":"Hotel"},"content":{"rendered":"<p>[vc_row][vc_column width=\u00bb1\/2&#8243;][vc_single_image image=\u00bb329&#8243; img_size=\u00bbfull\u00bb][\/vc_column][vc_column width=\u00bb1\/2&#8243;][vc_column_text]<\/p>\n<h2>Hotel Indigo<\/h2>\n<p>El hotel Indigo Madrid- Gran Via es un hotel boutique en el que vivir\u00e1s una experiencia \u00fanica y diferente. Con un cuidado y fresco dise\u00f1o sentir\u00e1s la fuerza y la energ\u00eda de la avenida m\u00e1s importante de la capital, la Gran V\u00eda de Madrid.<\/p>\n<p>Un recorrido desde dentro, a trav\u00e9s de sus murales y fotograf\u00edas, sus detalles y mobiliario, as\u00ed como en cada uno de los espacios sorprendentes del hotel, te transportar\u00e1n al ritmo urbano de la capital. Ser\u00e1s el verdadero protagonista de nuestra historia.[\/vc_column_text][vc_btn title=\u00bb\u00a1Reservar ahora!\u00bb shape=\u00bbsquare\u00bb color=\u00bbwhite\u00bb size=\u00bblg\u00bb link=\u00bburl:https%3A%2F%2Fwww.ihg.com%2Fhotels%2Fgb%2Fen%2Freservation||target:%20_blank\u00bb][\/vc_column][\/vc_row][vc_row][vc_column][vc_masonry_media_grid element_width=\u00bb6&#8243; grid_id=\u00bbvc_gid:1461168334193-91877264-76d3-4&#8243; include=\u00bb379,380,381,383,384,385&#8243;][\/vc_column][\/vc_row]<\/p>\n","protected":false},"excerpt":{"rendered":"<p>[vc_row][vc_column width=\u00bb1\/2&#8243;][vc_single_image image=\u00bb329&#8243; img_size=\u00bbfull\u00bb][\/vc_column][vc_column width=\u00bb1\/2&#8243;][vc_column_text] Hotel Indigo El hotel Indigo Madrid- Gran Via es un hotel boutique en el que vivir\u00e1s una experiencia \u00fanica y diferente. Con un cuidado y fresco dise\u00f1o sentir\u00e1s la fuerza y la energ\u00eda de la avenida m\u00e1s importante de la capital, la Gran V\u00eda de Madrid. Un recorrido desde dentro, [&hellip;]<\/p>\n","protected":false},"author":1,"featured_media":329,"parent":0,"menu_order":0,"comment_status":"closed","ping_status":"closed","template":"","meta":[],"_links":{"self":[{"href":"http:\/\/www.wepridefestival.com\/es\/wp-json\/wp\/v2\/pages\/406"}],"collection":[{"href":"http:\/\/www.wepridefestival.com\/es\/wp-json\/wp\/v2\/pages"}],"about":[{"href":"http:\/\/www.wepridefestival.com\/es\/wp-json\/wp\/v2\/types\/page"}],"author":[{"embeddable":true,"href":"http:\/\/www.wepridefestival.com\/es\/wp-json\/wp\/v2\/users\/1"}],"replies":[{"embeddable":true,"href":"http:\/\/www.wepridefestival.com\/es\/wp-json\/wp\/v2\/comments?post=406"}],"version-history":[{"count":8,"href":"http:\/\/www.wepridefestival.com\/es\/wp-json\/wp\/v2\/pages\/406\/revisions"}],"predecessor-version":[{"id":871,"href":"http:\/\/www.wepridefestival.com\/es\/wp-json\/wp\/v2\/pages\/406\/revisions\/871"}],"wp:featuredmedia":[{"embeddable":true,"href":"http:\/\/www.wepridefestival.com\/es\/wp-json\/wp\/v2\/media\/329"}],"wp:attachment":[{"href":"http:\/\/www.wepridefestival.com\/es\/wp-json\/wp\/v2\/media?parent=406"}],"curies":[{"name":"wp","href":"https:\/\/api.w.org\/{rel}","templated":true}]}}