{"id":410,"date":"2016-03-12T10:01:40","date_gmt":"2016-03-12T09:01:40","guid":{"rendered":"http:\/\/www.wepridefestival.com\/es\/tickets\/"},"modified":"2018-03-15T15:21:34","modified_gmt":"2018-03-15T14:21:34","slug":"entradas","status":"publish","type":"page","link":"http:\/\/www.wepridefestival.com\/es\/entradas\/","title":{"rendered":"Entradas"},"content":{"rendered":"<p>Puedes adquirir la pulsera para todos los eventos:<\/p>\n<ul>\n<li>Pulsera all access: Con acceso a todas las fiestas.<\/li>\n<li>Pulsera all access VIP: Con acceso a todas las fiestas sin esperas, acceso a zona VIP, 2 copas en cada fiesta, guardarropa gratuito y sin esperas, asistentes en la zona privada. Autobuses incluidos.<\/li>\n<\/ul>\n<p>&nbsp;<\/p>\n<p><strong>PAGO CON TARJETA BANCARIA O V\u00cdA PAYPAL<\/strong> &#8211; Para la compra de entradas tiene a su disposici\u00f3n 2 m\u00e9todos de pago:<\/p>\n<p><strong>1\u00aa Casilla<\/strong> &#8211; Compra con tarjeta bancaria.<\/p>\n<p><strong>2\u00aa Casilla<\/strong> &#8211; Compra v\u00eda PayPal. Se recomienda esta opci\u00f3n a los clientes que compren con tarjetas de USA y pa\u00edses arabes.<br \/>\n<iframe loading=\"lazy\" class=\"ticket\" src=\"https:\/\/www.entradasatualcance.com\/terminal\/wepartyontour\/eventos\" name=\"entradasatualcance\" width=\"600\" height=\"400\" frameborder=\"0\"><\/iframe><\/p>\n<div dir=\"ltr\">\n<div><strong>Pol\u00edtica de reembolsos y devoluciones<\/strong><\/div>\n<div>\n<p>Una vez adquirida la entrada no ser\u00e1 cambiada ni devuelto su importe, excepto en casos de cancelaci\u00f3n del evento.<\/p>\n<p>La devoluci\u00f3n, en caso de cancelaci\u00f3n, se realizar\u00e1 dentro del plazo de quince d\u00edas desde la fecha de la comunicaci\u00f3n p\u00fablica de la cancelaci\u00f3n. Si la suspensi\u00f3n se realiza una vez transcurrida m\u00e1s de la mitad del espect\u00e1culo, no habr\u00e1 devoluci\u00f3n alguna. Las malas condiciones climatol\u00f3gicas no dan derecho a devoluci\u00f3n de la entrada. En caso de cancelaci\u00f3n, la devoluci\u00f3n se podr\u00e1 efectuar dentro del plazo de quince d\u00edas desde la fecha de la comunicaci\u00f3n p\u00fablica de la suspensi\u00f3n del espect\u00e1culo. Transcurrido este plazo, no se admitir\u00e1 ninguna devoluci\u00f3n.<\/p>\n<\/div>\n<\/div>\n<p><!-- Facebook Pixel Code --><br \/>\n<script>\/\/ <![CDATA[\n!function(f,b,e,v,n,t,s){if(f.fbq)return;n=f.fbq=function(){n.callMethod? n.callMethod.apply(n,arguments):n.queue.push(arguments)};if(!f._fbq)f._fbq=n; n.push=n;n.loaded=!0;n.version='2.0';n.queue=[];t=b.createElement(e);t.async=!0; t.src=v;s=b.getElementsByTagName(e)[0];s.parentNode.insertBefore(t,s)}(window, document,'script','\/\/connect.facebook.net\/en_US\/fbevents.js'); fbq('init', '464666013717011'); fbq('track', 'ViewContent'); fbq('track', \"PageView\");\n\/\/ ]]><\/script><\/p>\n<p><noscript><img loading=\"lazy\" height=\"1\" width=\"1\" style=\"display:none\" src=\"https:\/\/www.facebook.com\/tr?id=464666013717011&#038;ev=PageView&#038;noscript=1\" \/><\/noscript><\/p>\n<p><!-- End Facebook Pixel Code --><\/p>\n","protected":false},"excerpt":{"rendered":"<p>Puedes adquirir la pulsera para todos los eventos: Pulsera all access: Con acceso a todas las fiestas. Pulsera all access VIP: Con acceso a todas las fiestas sin esperas, acceso a zona VIP, 2 copas en cada fiesta, guardarropa gratuito y sin esperas, asistentes en la zona privada. Autobuses incluidos. &nbsp; PAGO CON TARJETA BANCARIA [&hellip;]<\/p>\n","protected":false},"author":1,"featured_media":0,"parent":0,"menu_order":0,"comment_status":"closed","ping_status":"closed","template":"","meta":[],"_links":{"self":[{"href":"http:\/\/www.wepridefestival.com\/es\/wp-json\/wp\/v2\/pages\/410"}],"collection":[{"href":"http:\/\/www.wepridefestival.com\/es\/wp-json\/wp\/v2\/pages"}],"about":[{"href":"http:\/\/www.wepridefestival.com\/es\/wp-json\/wp\/v2\/types\/page"}],"author":[{"embeddable":true,"href":"http:\/\/www.wepridefestival.com\/es\/wp-json\/wp\/v2\/users\/1"}],"replies":[{"embeddable":true,"href":"http:\/\/www.wepridefestival.com\/es\/wp-json\/wp\/v2\/comments?post=410"}],"version-history":[{"count":24,"href":"http:\/\/www.wepridefestival.com\/es\/wp-json\/wp\/v2\/pages\/410\/revisions"}],"predecessor-version":[{"id":1992,"href":"http:\/\/www.wepridefestival.com\/es\/wp-json\/wp\/v2\/pages\/410\/revisions\/1992"}],"wp:attachment":[{"href":"http:\/\/www.wepridefestival.com\/es\/wp-json\/wp\/v2\/media?parent=410"}],"curies":[{"name":"wp","href":"https:\/\/api.w.org\/{rel}","templated":true}]}}